{"id":4536,"date":"2025-03-10T09:55:27","date_gmt":"2025-03-10T09:55:27","guid":{"rendered":"https:\/\/tommigrill.com\/?page_id=4536"},"modified":"2025-03-17T20:46:24","modified_gmt":"2025-03-17T20:46:24","slug":"menuu-metro-plaza","status":"publish","type":"page","link":"https:\/\/www.tommigrill.com\/en\/menuu-metro-plaza\/","title":{"rendered":"MEN\u00dc\u00dc METRO PLAZA"},"content":{"rendered":"<div data-elementor-type=\"wp-page\" data-elementor-id=\"4536\" class=\"elementor elementor-4536\">\n\t\t\t\t\t\t<section class=\"elementor-section elementor-top-section elementor-element elementor-element-da52c18 elementor-section-boxed elementor-section-height-default elementor-section-height-default\" data-id=\"da52c18\" data-element_type=\"section\" data-e-type=\"section\" data-settings=\"{&quot;background_background&quot;:&quot;classic&quot;}\">\n\t\t\t\t\t\t\t<div class=\"elementor-background-overlay\"><\/div>\n\t\t\t\t\t\t\t<div class=\"elementor-container elementor-column-gap-default\">\n\t\t\t\t\t<div class=\"elementor-column elementor-col-100 elementor-top-column elementor-element elementor-element-63a2bc0\" data-id=\"63a2bc0\" data-element_type=\"column\" data-e-type=\"column\">\n\t\t\t<div class=\"elementor-widget-wrap elementor-element-populated\">\n\t\t\t\t\t\t<div class=\"elementor-element elementor-element-e259b44 elementor-widget elementor-widget-spacer\" data-id=\"e259b44\" data-element_type=\"widget\" data-e-type=\"widget\" data-widget_type=\"spacer.default\">\n\t\t\t\t<div class=\"elementor-widget-container\">\n\t\t\t\t\t\t\t<div class=\"elementor-spacer\">\n\t\t\t<div class=\"elementor-spacer-inner\"><\/div>\n\t\t<\/div>\n\t\t\t\t\t\t<\/div>\n\t\t\t\t<\/div>\n\t\t\t\t<div class=\"elementor-element elementor-element-68eb631 elementor-widget elementor-widget-heading\" data-id=\"68eb631\" data-element_type=\"widget\" data-e-type=\"widget\" data-widget_type=\"heading.default\">\n\t\t\t\t<div class=\"elementor-widget-container\">\n\t\t\t\t\t<h2 class=\"elementor-heading-title elementor-size-default\">TOMMI GRILL METRO PLAZA MEN\u00dc\u00dc<\/h2>\t\t\t\t<\/div>\n\t\t\t\t<\/div>\n\t\t\t\t<div class=\"elementor-element elementor-element-8bd9e85 elementor-arrows-position-inside elementor-pagination-position-outside elementor-widget elementor-widget-image-carousel\" data-id=\"8bd9e85\" data-element_type=\"widget\" data-e-type=\"widget\" data-settings=\"{&quot;navigation&quot;:&quot;both&quot;,&quot;autoplay&quot;:&quot;yes&quot;,&quot;pause_on_hover&quot;:&quot;yes&quot;,&quot;pause_on_interaction&quot;:&quot;yes&quot;,&quot;autoplay_speed&quot;:5000,&quot;infinite&quot;:&quot;yes&quot;,&quot;speed&quot;:500}\" data-widget_type=\"image-carousel.default\">\n\t\t\t\t<div class=\"elementor-widget-container\">\n\t\t\t\t\t\t\t<div class=\"elementor-image-carousel-wrapper swiper\" role=\"region\" aria-roledescription=\"carousel\" aria-label=\"Image Carousel\" dir=\"ltr\">\n\t\t\t<div class=\"elementor-image-carousel swiper-wrapper\" aria-live=\"off\">\n\t\t\t\t\t\t\t\t<div class=\"swiper-slide\" role=\"group\" aria-roledescription=\"slide\" aria-label=\"1 of 7\"><figure class=\"swiper-slide-inner\"><img decoding=\"async\" class=\"swiper-slide-image\" src=\"https:\/\/www.tommigrill.com\/wp-content\/uploads\/2025\/03\/Tommi_Grill_Menu_Kaas_Uus-1.pdf.jpg\" alt=\"Tommi_Grill_Menu_Kaas_Uus (1).pdf\" \/><\/figure><\/div><div class=\"swiper-slide\" role=\"group\" aria-roledescription=\"slide\" aria-label=\"2 of 7\"><figure class=\"swiper-slide-inner\"><img decoding=\"async\" class=\"swiper-slide-image\" src=\"https:\/\/www.tommigrill.com\/wp-content\/uploads\/2025\/03\/6.jpg\" alt=\"6\" \/><\/figure><\/div><div class=\"swiper-slide\" role=\"group\" aria-roledescription=\"slide\" aria-label=\"3 of 7\"><figure class=\"swiper-slide-inner\"><img decoding=\"async\" class=\"swiper-slide-image\" src=\"https:\/\/www.tommigrill.com\/wp-content\/uploads\/2025\/03\/4-1.jpg\" alt=\"4\" \/><\/figure><\/div><div class=\"swiper-slide\" role=\"group\" aria-roledescription=\"slide\" aria-label=\"4 of 7\"><figure class=\"swiper-slide-inner\"><img decoding=\"async\" class=\"swiper-slide-image\" src=\"https:\/\/www.tommigrill.com\/wp-content\/uploads\/2025\/03\/5.jpg\" alt=\"5\" \/><\/figure><\/div><div class=\"swiper-slide\" role=\"group\" aria-roledescription=\"slide\" aria-label=\"5 of 7\"><figure class=\"swiper-slide-inner\"><img decoding=\"async\" class=\"swiper-slide-image\" src=\"https:\/\/www.tommigrill.com\/wp-content\/uploads\/2025\/03\/3-1.jpg\" alt=\"3\" \/><\/figure><\/div><div class=\"swiper-slide\" role=\"group\" aria-roledescription=\"slide\" aria-label=\"6 of 7\"><figure class=\"swiper-slide-inner\"><img decoding=\"async\" class=\"swiper-slide-image\" src=\"https:\/\/www.tommigrill.com\/wp-content\/uploads\/2025\/03\/1-1.jpg\" alt=\"1\" \/><\/figure><\/div><div class=\"swiper-slide\" role=\"group\" aria-roledescription=\"slide\" aria-label=\"7 of 7\"><figure class=\"swiper-slide-inner\"><img decoding=\"async\" class=\"swiper-slide-image\" src=\"https:\/\/www.tommigrill.com\/wp-content\/uploads\/2025\/03\/2-1.jpg\" alt=\"2\" \/><\/figure><\/div>\t\t\t<\/div>\n\t\t\t\t\t\t\t\t\t\t\t\t<div class=\"elementor-swiper-button elementor-swiper-button-prev\" role=\"button\" tabindex=\"0\">\n\t\t\t\t\t\t<i aria-hidden=\"true\" class=\"eicon-chevron-left\"><\/i>\t\t\t\t\t<\/div>\n\t\t\t\t\t<div class=\"elementor-swiper-button elementor-swiper-button-next\" role=\"button\" tabindex=\"0\">\n\t\t\t\t\t\t<i aria-hidden=\"true\" class=\"eicon-chevron-right\"><\/i>\t\t\t\t\t<\/div>\n\t\t\t\t\n\t\t\t\t\t\t\t\t\t<div class=\"swiper-pagination\"><\/div>\n\t\t\t\t\t\t\t\t\t<\/div>\n\t\t\t\t\t\t<\/div>\n\t\t\t\t<\/div>\n\t\t\t\t\t<\/div>\n\t\t<\/div>\n\t\t\t\t\t<\/div>\n\t\t<\/section>\n\t\t\t\t<\/div>","protected":false},"excerpt":{"rendered":"<p>TOMMI GRILL METRO PLAZA MEN\u00dc\u00dc<\/p>","protected":false},"author":1,"featured_media":0,"parent":0,"menu_order":0,"comment_status":"closed","ping_status":"closed","template":"","meta":{"_bbp_topic_count":0,"_bbp_reply_count":0,"_bbp_total_topic_count":0,"_bbp_total_reply_count":0,"_bbp_voice_count":0,"_bbp_anonymous_reply_count":0,"_bbp_topic_count_hidden":0,"_bbp_reply_count_hidden":0,"_bbp_forum_subforum_count":0,"site-sidebar-layout":"no-sidebar","site-content-layout":"page-builder","ast-site-content-layout":"full-width-container","site-content-style":"default","site-sidebar-style":"default","ast-global-header-display":"","ast-banner-title-visibility":"","ast-main-header-display":"","ast-hfb-above-header-display":"","ast-hfb-below-header-display":"","ast-hfb-mobile-header-display":"","site-post-title":"disabled","ast-breadcrumbs-content":"","ast-featured-img":"disabled","footer-sml-layout":"","ast-disable-related-posts":"","theme-transparent-header-meta":"","adv-header-id-meta":"","stick-header-meta":"","header-above-stick-meta":"","header-main-stick-meta":"","header-below-stick-meta":"","astra-migrate-meta-layouts":"default","ast-page-background-enabled":"default","ast-page-background-meta":{"desktop":{"background-color":"","background-image":"","background-repeat":"repeat","background-position":"center center","background-size":"auto","background-attachment":"scroll","background-type":"","background-media":"","overlay-type":"","overlay-color":"","overlay-opacity":"","overlay-gradient":""},"tablet":{"background-color":"","background-image":"","background-repeat":"repeat","background-position":"center center","background-size":"auto","background-attachment":"scroll","background-type":"","background-media":"","overlay-type":"","overlay-color":"","overlay-opacity":"","overlay-gradient":""},"mobile":{"background-color":"","background-image":"","background-repeat":"repeat","background-position":"center center","background-size":"auto","background-attachment":"scroll","background-type":"","background-media":"","overlay-type":"","overlay-color":"","overlay-opacity":"","overlay-gradient":""}},"ast-content-background-meta":{"desktop":{"background-color":"var(--ast-global-color-5)","background-image":"","background-repeat":"repeat","background-position":"center center","background-size":"auto","background-attachment":"scroll","background-type":"","background-media":"","overlay-type":"","overlay-color":"","overlay-opacity":"","overlay-gradient":""},"tablet":{"background-color":"var(--ast-global-color-5)","background-image":"","background-repeat":"repeat","background-position":"center center","background-size":"auto","background-attachment":"scroll","background-type":"","background-media":"","overlay-type":"","overlay-color":"","overlay-opacity":"","overlay-gradient":""},"mobile":{"background-color":"var(--ast-global-color-5)","background-image":"","background-repeat":"repeat","background-position":"center center","background-size":"auto","background-attachment":"scroll","background-type":"","background-media":"","overlay-type":"","overlay-color":"","overlay-opacity":"","overlay-gradient":""}},"footnotes":""},"class_list":["post-4536","page","type-page","status-publish","hentry"],"yoast_head":"<!-- This site is optimized with the Yoast SEO plugin v27.6 - https:\/\/yoast.com\/product\/yoast-seo-wordpress\/ -->\n<title>MEN\u00dc\u00dc METRO PLAZA - Tommi Grill<\/title>\n<meta name=\"robots\" content=\"index, follow, max-snippet:-1, max-image-preview:large, max-video-preview:-1\" \/>\n<link rel=\"canonical\" href=\"https:\/\/www.tommigrill.com\/en\/menuu-metro-plaza\/\" \/>\n<meta property=\"og:locale\" content=\"en_US\" \/>\n<meta property=\"og:type\" content=\"article\" \/>\n<meta property=\"og:title\" content=\"MEN\u00dc\u00dc METRO PLAZA - Tommi Grill\" \/>\n<meta property=\"og:description\" content=\"TOMMI GRILL METRO PLAZA MEN\u00dc\u00dc\" \/>\n<meta property=\"og:url\" content=\"https:\/\/www.tommigrill.com\/en\/menuu-metro-plaza\/\" \/>\n<meta property=\"og:site_name\" content=\"Tommi Grill\" \/>\n<meta property=\"article:modified_time\" content=\"2025-03-17T20:46:24+00:00\" \/>\n<meta property=\"og:image\" content=\"https:\/\/tommigrill.com\/wp-content\/uploads\/2025\/03\/Tommi_Grill_Menu_Kaas_Uus-1.pdf.jpg\" \/>\n<meta name=\"twitter:card\" content=\"summary_large_image\" \/>\n<meta name=\"twitter:label1\" content=\"Est. reading time\" \/>\n\t<meta name=\"twitter:data1\" content=\"3 minutes\" \/>\n<script type=\"application\/ld+json\" class=\"yoast-schema-graph\">{\"@context\":\"https:\\\/\\\/schema.org\",\"@graph\":[{\"@type\":\"WebPage\",\"@id\":\"https:\\\/\\\/www.tommigrill.com\\\/en\\\/menuu-metro-plaza\\\/\",\"url\":\"https:\\\/\\\/www.tommigrill.com\\\/en\\\/menuu-metro-plaza\\\/\",\"name\":\"MEN\u00dc\u00dc METRO PLAZA - Tommi Grill\",\"isPartOf\":{\"@id\":\"https:\\\/\\\/www.tommigrill.com\\\/#website\"},\"primaryImageOfPage\":{\"@id\":\"https:\\\/\\\/www.tommigrill.com\\\/en\\\/menuu-metro-plaza\\\/#primaryimage\"},\"image\":{\"@id\":\"https:\\\/\\\/www.tommigrill.com\\\/en\\\/menuu-metro-plaza\\\/#primaryimage\"},\"thumbnailUrl\":\"https:\\\/\\\/tommigrill.com\\\/wp-content\\\/uploads\\\/2025\\\/03\\\/Tommi_Grill_Menu_Kaas_Uus-1.pdf.jpg\",\"datePublished\":\"2025-03-10T09:55:27+00:00\",\"dateModified\":\"2025-03-17T20:46:24+00:00\",\"breadcrumb\":{\"@id\":\"https:\\\/\\\/www.tommigrill.com\\\/en\\\/menuu-metro-plaza\\\/#breadcrumb\"},\"inLanguage\":\"en-US\",\"potentialAction\":[{\"@type\":\"ReadAction\",\"target\":[\"https:\\\/\\\/www.tommigrill.com\\\/en\\\/menuu-metro-plaza\\\/\"]}]},{\"@type\":\"ImageObject\",\"inLanguage\":\"en-US\",\"@id\":\"https:\\\/\\\/www.tommigrill.com\\\/en\\\/menuu-metro-plaza\\\/#primaryimage\",\"url\":\"https:\\\/\\\/tommigrill.com\\\/wp-content\\\/uploads\\\/2025\\\/03\\\/Tommi_Grill_Menu_Kaas_Uus-1.pdf.jpg\",\"contentUrl\":\"https:\\\/\\\/tommigrill.com\\\/wp-content\\\/uploads\\\/2025\\\/03\\\/Tommi_Grill_Menu_Kaas_Uus-1.pdf.jpg\"},{\"@type\":\"BreadcrumbList\",\"@id\":\"https:\\\/\\\/www.tommigrill.com\\\/en\\\/menuu-metro-plaza\\\/#breadcrumb\",\"itemListElement\":[{\"@type\":\"ListItem\",\"position\":1,\"name\":\"Home\",\"item\":\"https:\\\/\\\/tommigrill.com\\\/\"},{\"@type\":\"ListItem\",\"position\":2,\"name\":\"MEN\u00dc\u00dc METRO PLAZA\"}]},{\"@type\":\"WebSite\",\"@id\":\"https:\\\/\\\/www.tommigrill.com\\\/#website\",\"url\":\"https:\\\/\\\/www.tommigrill.com\\\/\",\"name\":\"Tommi Grill\",\"description\":\"\",\"publisher\":{\"@id\":\"https:\\\/\\\/www.tommigrill.com\\\/#organization\"},\"potentialAction\":[{\"@type\":\"SearchAction\",\"target\":{\"@type\":\"EntryPoint\",\"urlTemplate\":\"https:\\\/\\\/www.tommigrill.com\\\/?s={search_term_string}\"},\"query-input\":{\"@type\":\"PropertyValueSpecification\",\"valueRequired\":true,\"valueName\":\"search_term_string\"}}],\"inLanguage\":\"en-US\"},{\"@type\":\"Organization\",\"@id\":\"https:\\\/\\\/www.tommigrill.com\\\/#organization\",\"name\":\"Tommi Grill\",\"url\":\"https:\\\/\\\/www.tommigrill.com\\\/\",\"logo\":{\"@type\":\"ImageObject\",\"inLanguage\":\"en-US\",\"@id\":\"https:\\\/\\\/www.tommigrill.com\\\/#\\\/schema\\\/logo\\\/image\\\/\",\"url\":\"https:\\\/\\\/www.tommigrill.com\\\/wp-content\\\/uploads\\\/2020\\\/04\\\/cropped-tommi_grill-logo-2.png\",\"contentUrl\":\"https:\\\/\\\/www.tommigrill.com\\\/wp-content\\\/uploads\\\/2020\\\/04\\\/cropped-tommi_grill-logo-2.png\",\"width\":500,\"height\":167,\"caption\":\"Tommi Grill\"},\"image\":{\"@id\":\"https:\\\/\\\/www.tommigrill.com\\\/#\\\/schema\\\/logo\\\/image\\\/\"}}]}<\/script>\n<!-- \/ Yoast SEO plugin. -->","yoast_head_json":{"title":"MEN\u00dc\u00dc METRO PLAZA - Tommi Grill","robots":{"index":"index","follow":"follow","max-snippet":"max-snippet:-1","max-image-preview":"max-image-preview:large","max-video-preview":"max-video-preview:-1"},"canonical":"https:\/\/www.tommigrill.com\/en\/menuu-metro-plaza\/","og_locale":"en_US","og_type":"article","og_title":"MEN\u00dc\u00dc METRO PLAZA - Tommi Grill","og_description":"TOMMI GRILL METRO PLAZA MEN\u00dc\u00dc","og_url":"https:\/\/www.tommigrill.com\/en\/menuu-metro-plaza\/","og_site_name":"Tommi Grill","article_modified_time":"2025-03-17T20:46:24+00:00","og_image":[{"url":"https:\/\/tommigrill.com\/wp-content\/uploads\/2025\/03\/Tommi_Grill_Menu_Kaas_Uus-1.pdf.jpg","type":"","width":"","height":""}],"twitter_card":"summary_large_image","twitter_misc":{"Est. reading time":"3 minutes"},"schema":{"@context":"https:\/\/schema.org","@graph":[{"@type":"WebPage","@id":"https:\/\/www.tommigrill.com\/en\/menuu-metro-plaza\/","url":"https:\/\/www.tommigrill.com\/en\/menuu-metro-plaza\/","name":"MEN\u00dc\u00dc METRO PLAZA - Tommi Grill","isPartOf":{"@id":"https:\/\/www.tommigrill.com\/#website"},"primaryImageOfPage":{"@id":"https:\/\/www.tommigrill.com\/en\/menuu-metro-plaza\/#primaryimage"},"image":{"@id":"https:\/\/www.tommigrill.com\/en\/menuu-metro-plaza\/#primaryimage"},"thumbnailUrl":"https:\/\/tommigrill.com\/wp-content\/uploads\/2025\/03\/Tommi_Grill_Menu_Kaas_Uus-1.pdf.jpg","datePublished":"2025-03-10T09:55:27+00:00","dateModified":"2025-03-17T20:46:24+00:00","breadcrumb":{"@id":"https:\/\/www.tommigrill.com\/en\/menuu-metro-plaza\/#breadcrumb"},"inLanguage":"en-US","potentialAction":[{"@type":"ReadAction","target":["https:\/\/www.tommigrill.com\/en\/menuu-metro-plaza\/"]}]},{"@type":"ImageObject","inLanguage":"en-US","@id":"https:\/\/www.tommigrill.com\/en\/menuu-metro-plaza\/#primaryimage","url":"https:\/\/tommigrill.com\/wp-content\/uploads\/2025\/03\/Tommi_Grill_Menu_Kaas_Uus-1.pdf.jpg","contentUrl":"https:\/\/tommigrill.com\/wp-content\/uploads\/2025\/03\/Tommi_Grill_Menu_Kaas_Uus-1.pdf.jpg"},{"@type":"BreadcrumbList","@id":"https:\/\/www.tommigrill.com\/en\/menuu-metro-plaza\/#breadcrumb","itemListElement":[{"@type":"ListItem","position":1,"name":"Home","item":"https:\/\/tommigrill.com\/"},{"@type":"ListItem","position":2,"name":"MEN\u00dc\u00dc METRO PLAZA"}]},{"@type":"WebSite","@id":"https:\/\/www.tommigrill.com\/#website","url":"https:\/\/www.tommigrill.com\/","name":"Tommi Grill","description":"","publisher":{"@id":"https:\/\/www.tommigrill.com\/#organization"},"potentialAction":[{"@type":"SearchAction","target":{"@type":"EntryPoint","urlTemplate":"https:\/\/www.tommigrill.com\/?s={search_term_string}"},"query-input":{"@type":"PropertyValueSpecification","valueRequired":true,"valueName":"search_term_string"}}],"inLanguage":"en-US"},{"@type":"Organization","@id":"https:\/\/www.tommigrill.com\/#organization","name":"Tommi Grill","url":"https:\/\/www.tommigrill.com\/","logo":{"@type":"ImageObject","inLanguage":"en-US","@id":"https:\/\/www.tommigrill.com\/#\/schema\/logo\/image\/","url":"https:\/\/www.tommigrill.com\/wp-content\/uploads\/2020\/04\/cropped-tommi_grill-logo-2.png","contentUrl":"https:\/\/www.tommigrill.com\/wp-content\/uploads\/2020\/04\/cropped-tommi_grill-logo-2.png","width":500,"height":167,"caption":"Tommi Grill"},"image":{"@id":"https:\/\/www.tommigrill.com\/#\/schema\/logo\/image\/"}}]}},"_links":{"self":[{"href":"https:\/\/www.tommigrill.com\/en\/wp-json\/wp\/v2\/pages\/4536","targetHints":{"allow":["GET"]}}],"collection":[{"href":"https:\/\/www.tommigrill.com\/en\/wp-json\/wp\/v2\/pages"}],"about":[{"href":"https:\/\/www.tommigrill.com\/en\/wp-json\/wp\/v2\/types\/page"}],"author":[{"embeddable":true,"href":"https:\/\/www.tommigrill.com\/en\/wp-json\/wp\/v2\/users\/1"}],"replies":[{"embeddable":true,"href":"https:\/\/www.tommigrill.com\/en\/wp-json\/wp\/v2\/comments?post=4536"}],"version-history":[{"count":5,"href":"https:\/\/www.tommigrill.com\/en\/wp-json\/wp\/v2\/pages\/4536\/revisions"}],"predecessor-version":[{"id":4888,"href":"https:\/\/www.tommigrill.com\/en\/wp-json\/wp\/v2\/pages\/4536\/revisions\/4888"}],"wp:attachment":[{"href":"https:\/\/www.tommigrill.com\/en\/wp-json\/wp\/v2\/media?parent=4536"}],"curies":[{"name":"wp","href":"https:\/\/api.w.org\/{rel}","templated":true}]}}